{"id":404,"date":"2018-07-06T11:32:30","date_gmt":"2018-07-06T15:32:30","guid":{"rendered":"http:\/\/broadviewmontessori.com\/fr-dev\/?page_id=404"},"modified":"2022-07-25T22:30:18","modified_gmt":"2022-07-26T02:30:18","slug":"temoignages","status":"publish","type":"page","link":"http:\/\/broadviewmontessori.com\/fr\/temoignages\/","title":{"rendered":"T\u00e9moignages"},"content":{"rendered":"\t\t<div data-elementor-type=\"wp-post\" data-elementor-id=\"404\" class=\"elementor elementor-404 elementor-bc-flex-widget\">\n\t\t\t\t\t\t<div class=\"elementor-inner\">\n\t\t\t\t<div class=\"elementor-section-wrap\">\n\t\t\t\t\t\t\t\t\t<section class=\"elementor-section elementor-top-section elementor-element elementor-element-b9009ff elementor-section-boxed elementor-section-height-default elementor-section-height-default\" data-id=\"b9009ff\" data-element_type=\"section\">\n\t\t\t\t\t\t<div class=\"elementor-container elementor-column-gap-default\">\n\t\t\t\t\t\t\t<div class=\"elementor-row\">\n\t\t\t\t\t<div class=\"elementor-column elementor-col-100 elementor-top-column elementor-element elementor-element-9e41f21\" data-id=\"9e41f21\" data-element_type=\"column\">\n\t\t\t<div class=\"elementor-column-wrap elementor-element-populated\">\n\t\t\t\t\t\t\t<div class=\"elementor-widget-wrap\">\n\t\t\t\t\t\t<div class=\"elementor-element elementor-element-a96cb37 elementor-widget elementor-widget-heading\" data-id=\"a96cb37\" data-element_type=\"widget\" data-widget_type=\"heading.default\">\n\t\t\t\t<div class=\"elementor-widget-container\">\n\t\t\t<h2 class=\"elementor-heading-title elementor-size-default\">Les commentaires des parents<\/h2>\t\t<\/div>\n\t\t\t\t<\/div>\n\t\t\t\t\t\t<\/div>\n\t\t\t\t\t<\/div>\n\t\t<\/div>\n\t\t\t\t\t\t\t\t<\/div>\n\t\t\t\t\t<\/div>\n\t\t<\/section>\n\t\t\t\t<section class=\"elementor-section elementor-top-section elementor-element elementor-element-92189f6 elementor-section-full_width elementor-section-content-top elementor-section-height-default elementor-section-height-default\" data-id=\"92189f6\" data-element_type=\"section\">\n\t\t\t\t\t\t<div class=\"elementor-container elementor-column-gap-no\">\n\t\t\t\t\t\t\t<div class=\"elementor-row\">\n\t\t\t\t\t<div class=\"elementor-column elementor-col-100 elementor-top-column elementor-element elementor-element-d0caad3 elementor-invisible\" data-id=\"d0caad3\" data-element_type=\"column\" data-settings=\"{&quot;background_background&quot;:&quot;classic&quot;,&quot;animation&quot;:&quot;fadeIn&quot;,&quot;animation_delay&quot;:300}\">\n\t\t\t<div class=\"elementor-column-wrap elementor-element-populated\">\n\t\t\t\t\t\t\t<div class=\"elementor-widget-wrap\">\n\t\t\t\t\t\t<div class=\"elementor-element elementor-element-94c0112 elementor-widget elementor-widget-heading\" data-id=\"94c0112\" data-element_type=\"widget\" data-widget_type=\"heading.default\">\n\t\t\t\t<div class=\"elementor-widget-container\">\n\t\t\t<h2 class=\"elementor-heading-title elementor-size-default\">Nous n\u2019aurions pas pu choisir une meilleure \u00e9cole pour notre fille.<\/h2>\t\t<\/div>\n\t\t\t\t<\/div>\n\t\t\t\t<div class=\"elementor-element elementor-element-612334b elementor-widget elementor-widget-text-editor\" data-id=\"612334b\" data-element_type=\"widget\" data-widget_type=\"text-editor.default\">\n\t\t\t\t<div class=\"elementor-widget-container\">\n\t\t\t\t\t\t\t\t<div class=\"elementor-text-editor elementor-clearfix\">\n\t\t\t\t<p>&#8220;Les enseignants sont attentifs et ont encourag\u00e9 notre fille \u00e0 \u00eatre ind\u00e9pendante et \u00e0 aimer l\u2019apprentissage. Notre fille pouvait faire des multiplications et des divisions \u00e0 l\u2019\u00e2ge de 5 ans! Elle lit aussi tr\u00e8s bien \u00e0 la fois en fran\u00e7ais et en anglais. L\u2019\u00c9cole <strong>Broad View French Montessori<\/strong> offre un \u00e9quilibre entre le travail qui requiert la concentration et les jeux d\u2019imagination, ce qui \u00e9veille la discipline et la cr\u00e9ativit\u00e9 chez les enfants. Notre fille adorait ses enseignants, et les enseignants sont tr\u00e8s aimables envers les enfants. Un parent ne devrait avoir aucune h\u00e9sitation \u00e0 envoyer leur enfant \u00e0 l\u2019\u00c9cole <strong>Broad View French Montessori<\/strong>. Si l\u2019\u00e9cole aurait offert un curriculum au niveau \u00e9l\u00e9mentaire (1\u00e8re ann\u00e9e et plus), il n\u2019y a pas de doute que notre fille aurait continu\u00e9 \u00e0 fr\u00e9quenter cette \u00e9cole! Nous admirons sinc\u00e8rement Madame Christiane Gervais et son personnel enseignant pour leur travail exceptionnel, et nous sommes reconnaissants d\u2019avoir eu l\u2019occasion d\u2019offrir une \u00e9ducation sup\u00e9rieure \u00e0 notre fille aupr\u00e8s de p\u00e9dagogues si formidables.&#8221;<\/p>\t\t\t\t\t<\/div>\n\t\t\t\t\t\t<\/div>\n\t\t\t\t<\/div>\n\t\t\t\t<div class=\"elementor-element elementor-element-17a9797 elementor-widget elementor-widget-heading\" data-id=\"17a9797\" data-element_type=\"widget\" data-widget_type=\"heading.default\">\n\t\t\t\t<div class=\"elementor-widget-container\">\n\t\t\t<h4 class=\"elementor-heading-title elementor-size-default\">Christine<\/h4>\t\t<\/div>\n\t\t\t\t<\/div>\n\t\t\t\t\t\t<\/div>\n\t\t\t\t\t<\/div>\n\t\t<\/div>\n\t\t\t\t\t\t\t\t<\/div>\n\t\t\t\t\t<\/div>\n\t\t<\/section>\n\t\t\t\t<section class=\"elementor-section elementor-top-section elementor-element elementor-element-c59507e elementor-section-full_width elementor-section-content-top elementor-section-height-default elementor-section-height-default\" data-id=\"c59507e\" data-element_type=\"section\">\n\t\t\t\t\t\t<div class=\"elementor-container elementor-column-gap-no\">\n\t\t\t\t\t\t\t<div class=\"elementor-row\">\n\t\t\t\t\t<div class=\"elementor-column elementor-col-100 elementor-top-column elementor-element elementor-element-12983c1 elementor-invisible\" data-id=\"12983c1\" data-element_type=\"column\" data-settings=\"{&quot;background_background&quot;:&quot;classic&quot;,&quot;animation&quot;:&quot;fadeIn&quot;,&quot;animation_delay&quot;:300}\">\n\t\t\t<div class=\"elementor-column-wrap elementor-element-populated\">\n\t\t\t\t\t\t\t<div class=\"elementor-widget-wrap\">\n\t\t\t\t\t\t<div class=\"elementor-element elementor-element-427d61e elementor-widget elementor-widget-heading\" data-id=\"427d61e\" data-element_type=\"widget\" data-widget_type=\"heading.default\">\n\t\t\t\t<div class=\"elementor-widget-container\">\n\t\t\t<h2 class=\"elementor-heading-title elementor-size-default\">Mais le plus important, c\u2019est que notre fils est enchant\u00e9 d\u2019arriver \u00e0 la \u00e9cole Montessori!<\/h2>\t\t<\/div>\n\t\t\t\t<\/div>\n\t\t\t\t<div class=\"elementor-element elementor-element-2d4cdc3 elementor-widget elementor-widget-text-editor\" data-id=\"2d4cdc3\" data-element_type=\"widget\" data-widget_type=\"text-editor.default\">\n\t\t\t\t<div class=\"elementor-widget-container\">\n\t\t\t\t\t\t\t\t<div class=\"elementor-text-editor elementor-clearfix\">\n\t\t\t\t<p>&#8220;Notre fils fr\u00e9quente la <strong>Broadview French Montessori School<\/strong> depuis qu\u2019il a 1 an et demi et nous avons \u00e9t\u00e9 tr\u00e8s satisfaits de son d\u00e9veloppement tant au niveau intellectuel que social au cours des 2 derni\u00e8res ann\u00e9es. Notre fils n\u2019a pas seulement appris l\u2019alphabet, de nombreuses chansons et \u00e0 compter mais a aussi appris la politesse et le respect d\u2019autrui. L\u2019environnement est calme et respectueux tout en \u00e9tant amusant et diversifi\u00e9 et la qualit\u00e9 du fran\u00e7ais est impeccable. Mais le plus important, c\u2019est que notre fils est enchant\u00e9 d\u2019arriver \u00e0 la \u00e9cole Montessori chaque matin et parle avec enthousiasme de ses \u00e9ducatrices et de ses activit\u00e9s quotidiennes!&#8221;<\/p>\t\t\t\t\t<\/div>\n\t\t\t\t\t\t<\/div>\n\t\t\t\t<\/div>\n\t\t\t\t<div class=\"elementor-element elementor-element-1f35ef1 elementor-widget elementor-widget-heading\" data-id=\"1f35ef1\" data-element_type=\"widget\" data-widget_type=\"heading.default\">\n\t\t\t\t<div class=\"elementor-widget-container\">\n\t\t\t<h4 class=\"elementor-heading-title elementor-size-default\">L\u00e9onie<\/h4>\t\t<\/div>\n\t\t\t\t<\/div>\n\t\t\t\t\t\t<\/div>\n\t\t\t\t\t<\/div>\n\t\t<\/div>\n\t\t\t\t\t\t\t\t<\/div>\n\t\t\t\t\t<\/div>\n\t\t<\/section>\n\t\t\t\t<section class=\"elementor-section elementor-top-section elementor-element elementor-element-d784a83 elementor-section-full_width elementor-section-content-top elementor-section-height-default elementor-section-height-default\" data-id=\"d784a83\" data-element_type=\"section\">\n\t\t\t\t\t\t<div class=\"elementor-container elementor-column-gap-no\">\n\t\t\t\t\t\t\t<div class=\"elementor-row\">\n\t\t\t\t\t<div class=\"elementor-column elementor-col-100 elementor-top-column elementor-element elementor-element-b597bc7 elementor-invisible\" data-id=\"b597bc7\" data-element_type=\"column\" data-settings=\"{&quot;background_background&quot;:&quot;classic&quot;,&quot;animation&quot;:&quot;fadeIn&quot;,&quot;animation_delay&quot;:300}\">\n\t\t\t<div class=\"elementor-column-wrap elementor-element-populated\">\n\t\t\t\t\t\t\t<div class=\"elementor-widget-wrap\">\n\t\t\t\t\t\t<div class=\"elementor-element elementor-element-23fad36 elementor-widget elementor-widget-spacer\" data-id=\"23fad36\" data-element_type=\"widget\" data-widget_type=\"spacer.default\">\n\t\t\t\t<div class=\"elementor-widget-container\">\n\t\t\t\t\t<div class=\"elementor-spacer\">\n\t\t\t<div class=\"elementor-spacer-inner\"><\/div>\n\t\t<\/div>\n\t\t\t\t<\/div>\n\t\t\t\t<\/div>\n\t\t\t\t\t\t<\/div>\n\t\t\t\t\t<\/div>\n\t\t<\/div>\n\t\t\t\t\t\t\t\t<\/div>\n\t\t\t\t\t<\/div>\n\t\t<\/section>\n\t\t\t\t<section class=\"elementor-section elementor-top-section elementor-element elementor-element-004084a elementor-section-full_width elementor-section-content-top elementor-section-height-default elementor-section-height-default\" data-id=\"004084a\" data-element_type=\"section\">\n\t\t\t\t\t\t<div class=\"elementor-container elementor-column-gap-no\">\n\t\t\t\t\t\t\t<div class=\"elementor-row\">\n\t\t\t\t\t<div class=\"elementor-column elementor-col-100 elementor-top-column elementor-element elementor-element-94f36a0 elementor-invisible\" data-id=\"94f36a0\" data-element_type=\"column\" data-settings=\"{&quot;background_background&quot;:&quot;classic&quot;,&quot;animation&quot;:&quot;fadeIn&quot;,&quot;animation_delay&quot;:300}\">\n\t\t\t<div class=\"elementor-column-wrap elementor-element-populated\">\n\t\t\t\t\t\t\t<div class=\"elementor-widget-wrap\">\n\t\t\t\t\t\t<div class=\"elementor-element elementor-element-188b5ad elementor-widget elementor-widget-heading\" data-id=\"188b5ad\" data-element_type=\"widget\" data-widget_type=\"heading.default\">\n\t\t\t\t<div class=\"elementor-widget-container\">\n\t\t\t<h2 class=\"elementor-heading-title elementor-size-default\">Je recommande fortement l'\u00e9cole aux autres parents.<\/h2>\t\t<\/div>\n\t\t\t\t<\/div>\n\t\t\t\t<div class=\"elementor-element elementor-element-905957c elementor-widget elementor-widget-text-editor\" data-id=\"905957c\" data-element_type=\"widget\" data-widget_type=\"text-editor.default\">\n\t\t\t\t<div class=\"elementor-widget-container\">\n\t\t\t\t\t\t\t\t<div class=\"elementor-text-editor elementor-clearfix\">\n\t\t\t\t<p>&#8220;Je suis bien satisfaite avec l&#8217;\u00e9ducation que mon fils re\u00e7oit \u00e0 l&#8217;\u00c9cole <strong>Broad View French Montessori<\/strong>. Il a apprit tellement de choses depuis qu&#8217;il a commenc\u00e9 \u00e0 fr\u00e9quenter l&#8217;\u00e9cole. Il revient de l&#8217;\u00e9cole en chantant des nouvelles chansons ou en me contant de toutes les activit\u00e9 et bricolages qu&#8217;il a fait. Il commence a \u00eatre beaucoup plus ind\u00e9pendant avec l&#8217;encouragement des maitresses. J&#8217;\u00e9tais tellement surprise de lui voir mettre ses mitaines tout seul et quand je lui ai demand\u00e9 qui lui a montr\u00e9 comment faire \u00e7a, il m&#8217;a dit fi\u00e8rement &#8216;Les Madames&#8217;. J&#8217;appr\u00e9cie bien les politesses qui sont enseign\u00e9s \u00e0 l&#8217;\u00e9cole, les coups de mains, rangeant les jouets, s&#8217;entretenir, etc. Durant son temps \u00e0 <strong>Broad View French Montessori School<\/strong>, mon fils a d\u00e9velopp\u00e9 plusieurs amiti\u00e9s et est bien attach\u00e9 \u00e0 ses enseignantes. Christiane est bien d\u00e9vou\u00e9e \u00e0 l&#8217;\u00e9cole et \u00e7a fonctionne bien. Je recommande fortement l&#8217;\u00e9cole aux autres parents. &#8220;<\/p>\t\t\t\t\t<\/div>\n\t\t\t\t\t\t<\/div>\n\t\t\t\t<\/div>\n\t\t\t\t<div class=\"elementor-element elementor-element-edc0d14 elementor-widget elementor-widget-heading\" data-id=\"edc0d14\" data-element_type=\"widget\" data-widget_type=\"heading.default\">\n\t\t\t\t<div class=\"elementor-widget-container\">\n\t\t\t<h4 class=\"elementor-heading-title elementor-size-default\">Nathalie<\/h4>\t\t<\/div>\n\t\t\t\t<\/div>\n\t\t\t\t\t\t<\/div>\n\t\t\t\t\t<\/div>\n\t\t<\/div>\n\t\t\t\t\t\t\t\t<\/div>\n\t\t\t\t\t<\/div>\n\t\t<\/section>\n\t\t\t\t<section class=\"elementor-section elementor-top-section elementor-element elementor-element-1f9baff elementor-section-full_width elementor-section-content-top elementor-section-height-default elementor-section-height-default\" data-id=\"1f9baff\" data-element_type=\"section\">\n\t\t\t\t\t\t<div class=\"elementor-container elementor-column-gap-no\">\n\t\t\t\t\t\t\t<div class=\"elementor-row\">\n\t\t\t\t\t<div class=\"elementor-column elementor-col-100 elementor-top-column elementor-element elementor-element-6caaa04 elementor-invisible\" data-id=\"6caaa04\" data-element_type=\"column\" data-settings=\"{&quot;background_background&quot;:&quot;classic&quot;,&quot;animation&quot;:&quot;fadeIn&quot;,&quot;animation_delay&quot;:300}\">\n\t\t\t<div class=\"elementor-column-wrap elementor-element-populated\">\n\t\t\t\t\t\t\t<div class=\"elementor-widget-wrap\">\n\t\t\t\t\t\t<div class=\"elementor-element elementor-element-49bad44 elementor-widget elementor-widget-heading\" data-id=\"49bad44\" data-element_type=\"widget\" data-widget_type=\"heading.default\">\n\t\t\t\t<div class=\"elementor-widget-container\">\n\t\t\t<h2 class=\"elementor-heading-title elementor-size-default\">Au sujet de l\u2019\u00e9cole Broadview French Montessori\u2026<\/h2>\t\t<\/div>\n\t\t\t\t<\/div>\n\t\t\t\t<div class=\"elementor-element elementor-element-1837647 elementor-widget elementor-widget-text-editor\" data-id=\"1837647\" data-element_type=\"widget\" data-widget_type=\"text-editor.default\">\n\t\t\t\t<div class=\"elementor-widget-container\">\n\t\t\t\t\t\t\t\t<div class=\"elementor-text-editor elementor-clearfix\">\n\t\t\t\t<p>&#8220;Nous sommes tr\u00e8s satisfaits de l\u2019\u00e9cole <strong>Broad View French Montessori<\/strong>. Notre fille de 4 ans comprend parfaitement le fran\u00e7ais, et le parle tr\u00e8s bien aussi. Elle peut lire et faire des op\u00e9rations math\u00e9matiques. Elle est beaucoup plus avanc\u00e9e qu\u2019on l\u2019\u00e9tait \u00e0 son \u00e2ge! L\u2019\u00e9cole adh\u00e8re \u00e0 la m\u00e9thode Montessori, ce qui stimule l\u2019ind\u00e9pendance de l\u2019enfant et encourage un esprit de d\u00e9couverte. Les enseignantes d\u00e9couvrent ce qui int\u00e9resse l\u2019enfant et utilisent cette information comme point de d\u00e9part pour inciter des r\u00e9ussites ult\u00e9rieures. De plus, les enfants d&#8217;\u00e2ge vari\u00e9 partagent la salle de classe et la cour de r\u00e9cr\u00e9ation, ce qui, d&#8217;apr\u00e8s nous, a permis \u00e0 notre fille de d\u00e9velopper un sens de bien-\u00eatre et de confiance en elle. Nous recommandons fortement l\u2019\u00e9cole <strong>Broad View French Montessori<\/strong> \u00e0 tous les parents qui veulent offrir une instruction Montessori en fran\u00e7ais \u00e0 leur enfant.&#8221;<\/p>\t\t\t\t\t<\/div>\n\t\t\t\t\t\t<\/div>\n\t\t\t\t<\/div>\n\t\t\t\t<div class=\"elementor-element elementor-element-e8d6b74 elementor-widget elementor-widget-heading\" data-id=\"e8d6b74\" data-element_type=\"widget\" data-widget_type=\"heading.default\">\n\t\t\t\t<div class=\"elementor-widget-container\">\n\t\t\t<h4 class=\"elementor-heading-title elementor-size-default\">Christine & Michael<\/h4>\t\t<\/div>\n\t\t\t\t<\/div>\n\t\t\t\t\t\t<\/div>\n\t\t\t\t\t<\/div>\n\t\t<\/div>\n\t\t\t\t\t\t\t\t<\/div>\n\t\t\t\t\t<\/div>\n\t\t<\/section>\n\t\t\t\t<section class=\"elementor-section elementor-top-section elementor-element elementor-element-d411c23 elementor-section-full_width elementor-section-content-top elementor-section-height-default elementor-section-height-default\" data-id=\"d411c23\" data-element_type=\"section\">\n\t\t\t\t\t\t<div class=\"elementor-container elementor-column-gap-no\">\n\t\t\t\t\t\t\t<div class=\"elementor-row\">\n\t\t\t\t\t<div class=\"elementor-column elementor-col-100 elementor-top-column elementor-element elementor-element-1b103c0 elementor-invisible\" data-id=\"1b103c0\" data-element_type=\"column\" data-settings=\"{&quot;background_background&quot;:&quot;classic&quot;,&quot;animation&quot;:&quot;fadeIn&quot;,&quot;animation_delay&quot;:300}\">\n\t\t\t<div class=\"elementor-column-wrap elementor-element-populated\">\n\t\t\t\t\t\t\t<div class=\"elementor-widget-wrap\">\n\t\t\t\t\t\t<div class=\"elementor-element elementor-element-e8e0e74 elementor-widget elementor-widget-spacer\" data-id=\"e8e0e74\" data-element_type=\"widget\" data-widget_type=\"spacer.default\">\n\t\t\t\t<div class=\"elementor-widget-container\">\n\t\t\t\t\t<div class=\"elementor-spacer\">\n\t\t\t<div class=\"elementor-spacer-inner\"><\/div>\n\t\t<\/div>\n\t\t\t\t<\/div>\n\t\t\t\t<\/div>\n\t\t\t\t\t\t<\/div>\n\t\t\t\t\t<\/div>\n\t\t<\/div>\n\t\t\t\t\t\t\t\t<\/div>\n\t\t\t\t\t<\/div>\n\t\t<\/section>\n\t\t\t\t<section class=\"elementor-section elementor-top-section elementor-element elementor-element-e65e800 elementor-section-full_width elementor-section-content-top elementor-section-height-default elementor-section-height-default\" data-id=\"e65e800\" data-element_type=\"section\">\n\t\t\t\t\t\t<div class=\"elementor-container elementor-column-gap-no\">\n\t\t\t\t\t\t\t<div class=\"elementor-row\">\n\t\t\t\t\t<div class=\"elementor-column elementor-col-100 elementor-top-column elementor-element elementor-element-53a73bc elementor-invisible\" data-id=\"53a73bc\" data-element_type=\"column\" data-settings=\"{&quot;background_background&quot;:&quot;classic&quot;,&quot;animation&quot;:&quot;fadeIn&quot;,&quot;animation_delay&quot;:300}\">\n\t\t\t<div class=\"elementor-column-wrap elementor-element-populated\">\n\t\t\t\t\t\t\t<div class=\"elementor-widget-wrap\">\n\t\t\t\t\t\t<div class=\"elementor-element elementor-element-6c4ceb8 elementor-widget elementor-widget-heading\" data-id=\"6c4ceb8\" data-element_type=\"widget\" data-widget_type=\"heading.default\">\n\t\t\t\t<div class=\"elementor-widget-container\">\n\t\t\t<h2 class=\"elementor-heading-title elementor-size-default\">Nous recommandons l'\u00e9cole \u00e0 tous.<\/h2>\t\t<\/div>\n\t\t\t\t<\/div>\n\t\t\t\t<div class=\"elementor-element elementor-element-f5962d6 elementor-widget elementor-widget-text-editor\" data-id=\"f5962d6\" data-element_type=\"widget\" data-widget_type=\"text-editor.default\">\n\t\t\t\t<div class=\"elementor-widget-container\">\n\t\t\t\t\t\t\t\t<div class=\"elementor-text-editor elementor-clearfix\">\n\t\t\t\t<p>&#8220;Notre gar\u00e7on fr\u00e9quente l&#8217;\u00e9cole <strong>Broad View Montessori<\/strong> depuis les 3 derni\u00e8res ann\u00e9es. Nous sommes enchant\u00e9s par l&#8217;exp\u00e9rience, les \u00e9ducatrices sont tr\u00e8s attentives et veillent au bon d\u00e9veloppement des enfants, tout en consid\u00e9rant le temp\u00e9rament de chacun. Nous sommes en confiance avec Christiane et son \u00e9quipe et recommandons l&#8217;\u00e9cole \u00e0 tous.&#8221;<\/p>\t\t\t\t\t<\/div>\n\t\t\t\t\t\t<\/div>\n\t\t\t\t<\/div>\n\t\t\t\t<div class=\"elementor-element elementor-element-cb573de elementor-widget elementor-widget-heading\" data-id=\"cb573de\" data-element_type=\"widget\" data-widget_type=\"heading.default\">\n\t\t\t\t<div class=\"elementor-widget-container\">\n\t\t\t<h4 class=\"elementor-heading-title elementor-size-default\">Annie<\/h4>\t\t<\/div>\n\t\t\t\t<\/div>\n\t\t\t\t\t\t<\/div>\n\t\t\t\t\t<\/div>\n\t\t<\/div>\n\t\t\t\t\t\t\t\t<\/div>\n\t\t\t\t\t<\/div>\n\t\t<\/section>\n\t\t\t\t\t\t\t\t\t<\/div>\n\t\t\t<\/div>\n\t\t\t\t\t<\/div>\n\t\t","protected":false},"excerpt":{"rendered":"<p>Les commentaires des parents Nous n\u2019aurions pas pu choisir une meilleure \u00e9cole pour notre fille. &#8220;Les enseignants sont attentifs et ont encourag\u00e9 notre fille \u00e0 \u00eatre ind\u00e9pendante et \u00e0 aimer l\u2019apprentissage. Notre fille pouvait faire des multiplications et des divisions \u00e0 l\u2019\u00e2ge de 5 ans! Elle lit aussi tr\u00e8s bien \u00e0 la fois en fran\u00e7ais &hellip; <a href=\"http:\/\/broadviewmontessori.com\/fr\/temoignages\/\" title=\"T\u00e9moignages\" class=\"read-more\">Read More<\/a><\/p>\n","protected":false},"author":1,"featured_media":0,"parent":0,"menu_order":6,"comment_status":"closed","ping_status":"closed","template":"","meta":{"_mi_skip_tracking":false},"_links":{"self":[{"href":"http:\/\/broadviewmontessori.com\/fr\/wp-json\/wp\/v2\/pages\/404"}],"collection":[{"href":"http:\/\/broadviewmontessori.com\/fr\/wp-json\/wp\/v2\/pages"}],"about":[{"href":"http:\/\/broadviewmontessori.com\/fr\/wp-json\/wp\/v2\/types\/page"}],"author":[{"embeddable":true,"href":"http:\/\/broadviewmontessori.com\/fr\/wp-json\/wp\/v2\/users\/1"}],"replies":[{"embeddable":true,"href":"http:\/\/broadviewmontessori.com\/fr\/wp-json\/wp\/v2\/comments?post=404"}],"version-history":[{"count":64,"href":"http:\/\/broadviewmontessori.com\/fr\/wp-json\/wp\/v2\/pages\/404\/revisions"}],"predecessor-version":[{"id":1299,"href":"http:\/\/broadviewmontessori.com\/fr\/wp-json\/wp\/v2\/pages\/404\/revisions\/1299"}],"wp:attachment":[{"href":"http:\/\/broadviewmontessori.com\/fr\/wp-json\/wp\/v2\/media?parent=404"}],"curies":[{"name":"wp","href":"https:\/\/api.w.org\/{rel}","templated":true}]}}