{"id":8,"date":"2018-06-20T10:35:33","date_gmt":"2018-06-20T14:35:33","guid":{"rendered":"http:\/\/broadviewmontessori.com\/fr-dev\/?page_id=8"},"modified":"2023-06-13T17:16:01","modified_gmt":"2023-06-13T21:16:01","slug":"montessori","status":"publish","type":"page","link":"http:\/\/broadviewmontessori.com\/fr\/montessori\/","title":{"rendered":"Les avenues de Montessori"},"content":{"rendered":"\t\t<div data-elementor-type=\"wp-post\" data-elementor-id=\"8\" class=\"elementor elementor-8\">\n\t\t\t\t\t\t<div class=\"elementor-inner\">\n\t\t\t\t<div class=\"elementor-section-wrap\">\n\t\t\t\t\t\t\t\t\t<section class=\"elementor-section elementor-top-section elementor-element elementor-element-b9009ff elementor-section-boxed elementor-section-height-default elementor-section-height-default\" data-id=\"b9009ff\" data-element_type=\"section\">\n\t\t\t\t\t\t<div class=\"elementor-container elementor-column-gap-default\">\n\t\t\t\t\t\t\t<div class=\"elementor-row\">\n\t\t\t\t\t<div class=\"elementor-column elementor-col-100 elementor-top-column elementor-element elementor-element-9e41f21\" data-id=\"9e41f21\" data-element_type=\"column\">\n\t\t\t<div class=\"elementor-column-wrap elementor-element-populated\">\n\t\t\t\t\t\t\t<div class=\"elementor-widget-wrap\">\n\t\t\t\t\t\t<div class=\"elementor-element elementor-element-f6ec48e elementor-widget elementor-widget-alert\" data-id=\"f6ec48e\" data-element_type=\"widget\" data-widget_type=\"alert.default\">\n\t\t\t\t<div class=\"elementor-widget-container\">\n\t\t\t\t\t<div class=\"elementor-alert elementor-alert-info\" role=\"alert\">\n\t\t\t<span class=\"elementor-alert-title\"><center>Nous avons d\u00e9m\u00e9nag\u00e9!<span style=\"font-family: var( --e-global-typography-primary-font-family ), Sans-serif; font-size: 18px; font-weight: var( --e-global-typography-primary-font-weight ); text-align: left;\"><\/span><\/center><\/span>\n\t\t\t\t\t\t\t<span class=\"elementor-alert-description\"><center>NOUVELLES : Nous sommes ravis d'avoir d\u00e9m\u00e9nag\u00e9 au <strong>903 Pape Ave<\/strong>. <\/center><\/span>\n\t\t\t\t\t\t\t\t\t\t<button type=\"button\" class=\"elementor-alert-dismiss\">\n\t\t\t\t\t\t\t\t\t\t\t<span aria-hidden=\"true\">&times;<\/span>\n\t\t\t\t\t\t\t\t\t\t<span class=\"elementor-screen-only\">Dismiss alert<\/span>\n\t\t\t\t<\/button>\n\t\t\t\t\t<\/div>\n\t\t\t\t<\/div>\n\t\t\t\t<\/div>\n\t\t\t\t<div class=\"elementor-element elementor-element-a96cb37 elementor-widget elementor-widget-heading\" data-id=\"a96cb37\" data-element_type=\"widget\" data-widget_type=\"heading.default\">\n\t\t\t\t<div class=\"elementor-widget-container\">\n\t\t\t<h2 class=\"elementor-heading-title elementor-size-default\">L\u2019AVANTAGE MONTESSORI<\/h2>\t\t<\/div>\n\t\t\t\t<\/div>\n\t\t\t\t\t\t<\/div>\n\t\t\t\t\t<\/div>\n\t\t<\/div>\n\t\t\t\t\t\t\t\t<\/div>\n\t\t\t\t\t<\/div>\n\t\t<\/section>\n\t\t\t\t<section class=\"elementor-section elementor-top-section elementor-element elementor-element-0384855 elementor-section-boxed elementor-section-height-default elementor-section-height-default\" data-id=\"0384855\" data-element_type=\"section\">\n\t\t\t\t\t\t<div class=\"elementor-container elementor-column-gap-default\">\n\t\t\t\t\t\t\t<div class=\"elementor-row\">\n\t\t\t\t\t<div class=\"elementor-column elementor-col-100 elementor-top-column elementor-element elementor-element-2573b94\" data-id=\"2573b94\" data-element_type=\"column\">\n\t\t\t<div class=\"elementor-column-wrap elementor-element-populated\">\n\t\t\t\t\t\t\t<div class=\"elementor-widget-wrap\">\n\t\t\t\t\t\t<div class=\"elementor-element elementor-element-6d57415 elementor-widget elementor-widget-text-editor\" data-id=\"6d57415\" data-element_type=\"widget\" data-widget_type=\"text-editor.default\">\n\t\t\t\t<div class=\"elementor-widget-container\">\n\t\t\t\t\t\t\t\t<div class=\"elementor-text-editor elementor-clearfix\">\n\t\t\t\t<p>L&#8217;\u00e9cole Montessori fran\u00e7aise de Broad View offre un environnement Montessori enrichi consacr\u00e9 \u00e0 nourrir l&#8217;amour de l&#8217;apprentissage chez l&#8217;enfant. Une classe dont les enfants ont des capacit\u00e9s vari\u00e9es est une communaut\u00e9 dans laquelle chacun apprend des autres et chacun contribue. Les groupes multi\u00e2ges permettent \u00e0 chaque enfant de trouver son propre rythme sans se sentir en avance ou en retard par rapport \u00e0 ses pairs.<\/p><p>Les enfants sont entour\u00e9s d&#8217;un environnement s\u00fbr, bienveillant, favorable et inclusif. L&#8217;acceptation de la diversit\u00e9 est essentielle pour cr\u00e9er un environnement d&#8217;apprentissage chaleureux et accueillant. Notre programme d&#8217;\u00e9tudes refl\u00e8te le respect des valeurs humaines et de la diversit\u00e9 culturelle. L&#8217;attribut le plus important de nos enseignants est l&#8217;amour et le respect qu&#8217;ils portent \u00e0 l&#8217;\u00eatre total de chaque enfant.<\/p>\t\t\t\t\t<\/div>\n\t\t\t\t\t\t<\/div>\n\t\t\t\t<\/div>\n\t\t\t\t\t\t<\/div>\n\t\t\t\t\t<\/div>\n\t\t<\/div>\n\t\t\t\t\t\t\t\t<\/div>\n\t\t\t\t\t<\/div>\n\t\t<\/section>\n\t\t\t\t<section class=\"elementor-section elementor-top-section elementor-element elementor-element-92189f6 elementor-section-full_width elementor-section-content-top elementor-section-height-default elementor-section-height-default\" data-id=\"92189f6\" data-element_type=\"section\">\n\t\t\t\t\t\t<div class=\"elementor-container elementor-column-gap-no\">\n\t\t\t\t\t\t\t<div class=\"elementor-row\">\n\t\t\t\t\t<div class=\"elementor-column elementor-col-50 elementor-top-column elementor-element elementor-element-d0caad3 elementor-invisible\" data-id=\"d0caad3\" data-element_type=\"column\" data-settings=\"{&quot;background_background&quot;:&quot;classic&quot;,&quot;animation&quot;:&quot;fadeInLeft&quot;,&quot;animation_delay&quot;:300}\">\n\t\t\t<div class=\"elementor-column-wrap elementor-element-populated\">\n\t\t\t\t\t\t\t<div class=\"elementor-widget-wrap\">\n\t\t\t\t\t\t<div class=\"elementor-element elementor-element-cba0f42 elementor-widget elementor-widget-heading\" data-id=\"cba0f42\" data-element_type=\"widget\" data-widget_type=\"heading.default\">\n\t\t\t\t<div class=\"elementor-widget-container\">\n\t\t\t<h2 class=\"elementor-heading-title elementor-size-default\">Vie pratique<\/h2>\t\t<\/div>\n\t\t\t\t<\/div>\n\t\t\t\t<div class=\"elementor-element elementor-element-612334b elementor-widget elementor-widget-text-editor\" data-id=\"612334b\" data-element_type=\"widget\" data-widget_type=\"text-editor.default\">\n\t\t\t\t<div class=\"elementor-widget-container\">\n\t\t\t\t\t\t\t\t<div class=\"elementor-text-editor elementor-clearfix\">\n\t\t\t\tCette avenue favorise le d\u00e9veloppement de la motricit\u00e9 \u00e0 travers des activit\u00e9s vari\u00e9es, visant \u00e0 d\u00e9velopper une bonne coordination musculaire, la concentration et l&#8217;autonomie, ainsi que le respect de l&#8217;environnement et des autres. Elle favorise le raffinement de la motricit\u00e9 globale et fine. La vie pratique est la base de toutes les avenues Montessori.\t\t\t\t\t<\/div>\n\t\t\t\t\t\t<\/div>\n\t\t\t\t<\/div>\n\t\t\t\t\t\t<\/div>\n\t\t\t\t\t<\/div>\n\t\t<\/div>\n\t\t\t\t<div class=\"elementor-column elementor-col-50 elementor-top-column elementor-element elementor-element-074c575 animated-fast elementor-invisible\" data-id=\"074c575\" data-element_type=\"column\" data-settings=\"{&quot;background_background&quot;:&quot;classic&quot;,&quot;animation&quot;:&quot;fadeInRight&quot;,&quot;animation_delay&quot;:80}\">\n\t\t\t<div class=\"elementor-column-wrap elementor-element-populated\">\n\t\t\t\t\t<div class=\"elementor-background-overlay\"><\/div>\n\t\t\t\t\t\t\t<div class=\"elementor-widget-wrap\">\n\t\t\t\t\t\t<div class=\"elementor-element elementor-element-5648d19 elementor-widget elementor-widget-spacer\" data-id=\"5648d19\" data-element_type=\"widget\" data-widget_type=\"spacer.default\">\n\t\t\t\t<div class=\"elementor-widget-container\">\n\t\t\t\t\t<div class=\"elementor-spacer\">\n\t\t\t<div class=\"elementor-spacer-inner\"><\/div>\n\t\t<\/div>\n\t\t\t\t<\/div>\n\t\t\t\t<\/div>\n\t\t\t\t\t\t<\/div>\n\t\t\t\t\t<\/div>\n\t\t<\/div>\n\t\t\t\t\t\t\t\t<\/div>\n\t\t\t\t\t<\/div>\n\t\t<\/section>\n\t\t\t\t<section class=\"elementor-section elementor-top-section elementor-element elementor-element-785cc97 elementor-section-full_width elementor-section-content-top elementor-reverse-mobile elementor-section-height-default elementor-section-height-default\" data-id=\"785cc97\" data-element_type=\"section\">\n\t\t\t\t\t\t<div class=\"elementor-container elementor-column-gap-no\">\n\t\t\t\t\t\t\t<div class=\"elementor-row\">\n\t\t\t\t\t<div class=\"elementor-column elementor-col-50 elementor-top-column elementor-element elementor-element-35af46c animated-fast elementor-invisible\" data-id=\"35af46c\" data-element_type=\"column\" data-settings=\"{&quot;background_background&quot;:&quot;classic&quot;,&quot;animation&quot;:&quot;fadeInLeft&quot;,&quot;animation_delay&quot;:80}\">\n\t\t\t<div class=\"elementor-column-wrap elementor-element-populated\">\n\t\t\t\t\t<div class=\"elementor-background-overlay\"><\/div>\n\t\t\t\t\t\t\t<div class=\"elementor-widget-wrap\">\n\t\t\t\t\t\t<div class=\"elementor-element elementor-element-d61e3e7 elementor-widget elementor-widget-spacer\" data-id=\"d61e3e7\" data-element_type=\"widget\" data-widget_type=\"spacer.default\">\n\t\t\t\t<div class=\"elementor-widget-container\">\n\t\t\t\t\t<div class=\"elementor-spacer\">\n\t\t\t<div class=\"elementor-spacer-inner\"><\/div>\n\t\t<\/div>\n\t\t\t\t<\/div>\n\t\t\t\t<\/div>\n\t\t\t\t\t\t<\/div>\n\t\t\t\t\t<\/div>\n\t\t<\/div>\n\t\t\t\t<div class=\"elementor-column elementor-col-50 elementor-top-column elementor-element elementor-element-3692e2c elementor-invisible\" data-id=\"3692e2c\" data-element_type=\"column\" data-settings=\"{&quot;background_background&quot;:&quot;classic&quot;,&quot;animation&quot;:&quot;fadeInRight&quot;,&quot;animation_delay&quot;:300}\">\n\t\t\t<div class=\"elementor-column-wrap elementor-element-populated\">\n\t\t\t\t\t\t\t<div class=\"elementor-widget-wrap\">\n\t\t\t\t\t\t<div class=\"elementor-element elementor-element-c6203f0 elementor-widget elementor-widget-heading\" data-id=\"c6203f0\" data-element_type=\"widget\" data-widget_type=\"heading.default\">\n\t\t\t\t<div class=\"elementor-widget-container\">\n\t\t\t<h2 class=\"elementor-heading-title elementor-size-default\">Mat\u00e9riel sensoriel<\/h2>\t\t<\/div>\n\t\t\t\t<\/div>\n\t\t\t\t<div class=\"elementor-element elementor-element-78fd856 elementor-widget elementor-widget-text-editor\" data-id=\"78fd856\" data-element_type=\"widget\" data-widget_type=\"text-editor.default\">\n\t\t\t\t<div class=\"elementor-widget-container\">\n\t\t\t\t\t\t\t\t<div class=\"elementor-text-editor elementor-clearfix\">\n\t\t\t\tCette activit\u00e9 a pour but d&#8217;aider l&#8217;enfant \u00e0 d\u00e9velopper ses sens et son sens de l&#8217;observation. Cette avenue d\u00e9veloppe les sens physiques de l&#8217;enfant : le go\u00fbt, l&#8217;ou\u00efe, la vue, le toucher et l&#8217;odorat, par le biais d&#8217;activit\u00e9s et de mat\u00e9riel vari\u00e9s, et le pr\u00e9pare aux d\u00e9fis \u00e0 venir dans les avenues futures.\t\t\t\t\t<\/div>\n\t\t\t\t\t\t<\/div>\n\t\t\t\t<\/div>\n\t\t\t\t\t\t<\/div>\n\t\t\t\t\t<\/div>\n\t\t<\/div>\n\t\t\t\t\t\t\t\t<\/div>\n\t\t\t\t\t<\/div>\n\t\t<\/section>\n\t\t\t\t<section class=\"elementor-section elementor-top-section elementor-element elementor-element-7fb65ff elementor-section-boxed elementor-section-height-default elementor-section-height-default\" data-id=\"7fb65ff\" data-element_type=\"section\">\n\t\t\t\t\t\t<div class=\"elementor-container elementor-column-gap-default\">\n\t\t\t\t\t\t\t<div class=\"elementor-row\">\n\t\t\t\t\t<div class=\"elementor-column elementor-col-100 elementor-top-column elementor-element elementor-element-af347c2\" data-id=\"af347c2\" data-element_type=\"column\">\n\t\t\t<div class=\"elementor-column-wrap elementor-element-populated\">\n\t\t\t\t\t\t\t<div class=\"elementor-widget-wrap\">\n\t\t\t\t\t\t<div class=\"elementor-element elementor-element-f139939 elementor-widget elementor-widget-text-editor\" data-id=\"f139939\" data-element_type=\"widget\" data-widget_type=\"text-editor.default\">\n\t\t\t\t<div class=\"elementor-widget-container\">\n\t\t\t\t\t\t\t\t<div class=\"elementor-text-editor elementor-clearfix\">\n\t\t\t\t<p>&#8220;La p\u00e9riode la plus importante dans la vie d\u2019un enfant est la premi\u00e8re section de sa vie; de la naissance \u00e0 l\u2019\u00e2ge de 6 ans. C\u2019est \u00e0 moment, que l\u2019intelligence humaine est form\u00e9e.&#8221;<br \/><strong style=\"font-weight: 600;\">Dr. Maria Montessori<\/strong><\/p>\t\t\t\t\t<\/div>\n\t\t\t\t\t\t<\/div>\n\t\t\t\t<\/div>\n\t\t\t\t\t\t<\/div>\n\t\t\t\t\t<\/div>\n\t\t<\/div>\n\t\t\t\t\t\t\t\t<\/div>\n\t\t\t\t\t<\/div>\n\t\t<\/section>\n\t\t\t\t<section class=\"elementor-section elementor-top-section elementor-element elementor-element-326091c elementor-section-full_width elementor-section-content-top elementor-section-height-default elementor-section-height-default\" data-id=\"326091c\" data-element_type=\"section\">\n\t\t\t\t\t\t<div class=\"elementor-container elementor-column-gap-no\">\n\t\t\t\t\t\t\t<div class=\"elementor-row\">\n\t\t\t\t\t<div class=\"elementor-column elementor-col-50 elementor-top-column elementor-element elementor-element-b35a97c elementor-invisible\" data-id=\"b35a97c\" data-element_type=\"column\" data-settings=\"{&quot;background_background&quot;:&quot;classic&quot;,&quot;animation&quot;:&quot;fadeInLeft&quot;,&quot;animation_delay&quot;:300}\">\n\t\t\t<div class=\"elementor-column-wrap elementor-element-populated\">\n\t\t\t\t\t\t\t<div class=\"elementor-widget-wrap\">\n\t\t\t\t\t\t<div class=\"elementor-element elementor-element-2b3b635 elementor-widget elementor-widget-heading\" data-id=\"2b3b635\" data-element_type=\"widget\" data-widget_type=\"heading.default\">\n\t\t\t\t<div class=\"elementor-widget-container\">\n\t\t\t<h2 class=\"elementor-heading-title elementor-size-default\">D\u00e9veloppement du langage <\/h2>\t\t<\/div>\n\t\t\t\t<\/div>\n\t\t\t\t<div class=\"elementor-element elementor-element-4cac5c5 elementor-widget elementor-widget-text-editor\" data-id=\"4cac5c5\" data-element_type=\"widget\" data-widget_type=\"text-editor.default\">\n\t\t\t\t<div class=\"elementor-widget-container\">\n\t\t\t\t\t\t\t\t<div class=\"elementor-text-editor elementor-clearfix\">\n\t\t\t\tL&#8217;environnement Montessori est riche en opportunit\u00e9s de langage oral, permettant \u00e0 l&#8217;enfant de vivre des conversations, des histoires et de la po\u00e9sie. Les lettres en papier de verre aident les enfants \u00e0 faire le lien entre le son et le symbole sans effort, encourageant le d\u00e9veloppement de l&#8217;expression \u00e9crite et des comp\u00e9tences en lecture. Pour approfondir leur apprentissage de la lecture, les enfants d\u00e9velopperont leur phon\u00e9tique (sons et reconnaissance des lettres), l&#8217;impression des lettres, la grammaire et la structure des phrases.\t\t\t\t\t<\/div>\n\t\t\t\t\t\t<\/div>\n\t\t\t\t<\/div>\n\t\t\t\t\t\t<\/div>\n\t\t\t\t\t<\/div>\n\t\t<\/div>\n\t\t\t\t<div class=\"elementor-column elementor-col-50 elementor-top-column elementor-element elementor-element-d33f792 animated-fast elementor-invisible\" data-id=\"d33f792\" data-element_type=\"column\" data-settings=\"{&quot;background_background&quot;:&quot;classic&quot;,&quot;animation&quot;:&quot;fadeInRight&quot;,&quot;animation_delay&quot;:80}\">\n\t\t\t<div class=\"elementor-column-wrap elementor-element-populated\">\n\t\t\t\t\t<div class=\"elementor-background-overlay\"><\/div>\n\t\t\t\t\t\t\t<div class=\"elementor-widget-wrap\">\n\t\t\t\t\t\t<div class=\"elementor-element elementor-element-4ca51e4 elementor-widget elementor-widget-spacer\" data-id=\"4ca51e4\" data-element_type=\"widget\" data-widget_type=\"spacer.default\">\n\t\t\t\t<div class=\"elementor-widget-container\">\n\t\t\t\t\t<div class=\"elementor-spacer\">\n\t\t\t<div class=\"elementor-spacer-inner\"><\/div>\n\t\t<\/div>\n\t\t\t\t<\/div>\n\t\t\t\t<\/div>\n\t\t\t\t\t\t<\/div>\n\t\t\t\t\t<\/div>\n\t\t<\/div>\n\t\t\t\t\t\t\t\t<\/div>\n\t\t\t\t\t<\/div>\n\t\t<\/section>\n\t\t\t\t<section class=\"elementor-section elementor-top-section elementor-element elementor-element-0c1d0da elementor-section-full_width elementor-section-content-top elementor-reverse-mobile elementor-section-height-default elementor-section-height-default\" data-id=\"0c1d0da\" data-element_type=\"section\">\n\t\t\t\t\t\t<div class=\"elementor-container elementor-column-gap-no\">\n\t\t\t\t\t\t\t<div class=\"elementor-row\">\n\t\t\t\t\t<div class=\"elementor-column elementor-col-50 elementor-top-column elementor-element elementor-element-76b6317 animated-fast elementor-invisible\" data-id=\"76b6317\" data-element_type=\"column\" data-settings=\"{&quot;background_background&quot;:&quot;classic&quot;,&quot;animation&quot;:&quot;fadeInLeft&quot;,&quot;animation_delay&quot;:80}\">\n\t\t\t<div class=\"elementor-column-wrap elementor-element-populated\">\n\t\t\t\t\t<div class=\"elementor-background-overlay\"><\/div>\n\t\t\t\t\t\t\t<div class=\"elementor-widget-wrap\">\n\t\t\t\t\t\t<div class=\"elementor-element elementor-element-a19091b elementor-widget elementor-widget-spacer\" data-id=\"a19091b\" data-element_type=\"widget\" data-widget_type=\"spacer.default\">\n\t\t\t\t<div class=\"elementor-widget-container\">\n\t\t\t\t\t<div class=\"elementor-spacer\">\n\t\t\t<div class=\"elementor-spacer-inner\"><\/div>\n\t\t<\/div>\n\t\t\t\t<\/div>\n\t\t\t\t<\/div>\n\t\t\t\t\t\t<\/div>\n\t\t\t\t\t<\/div>\n\t\t<\/div>\n\t\t\t\t<div class=\"elementor-column elementor-col-50 elementor-top-column elementor-element elementor-element-e891aa0 elementor-invisible\" data-id=\"e891aa0\" data-element_type=\"column\" data-settings=\"{&quot;background_background&quot;:&quot;classic&quot;,&quot;animation&quot;:&quot;fadeInRight&quot;,&quot;animation_delay&quot;:300}\">\n\t\t\t<div class=\"elementor-column-wrap elementor-element-populated\">\n\t\t\t\t\t\t\t<div class=\"elementor-widget-wrap\">\n\t\t\t\t\t\t<div class=\"elementor-element elementor-element-488e1b1 elementor-widget elementor-widget-heading\" data-id=\"488e1b1\" data-element_type=\"widget\" data-widget_type=\"heading.default\">\n\t\t\t\t<div class=\"elementor-widget-container\">\n\t\t\t<h2 class=\"elementor-heading-title elementor-size-default\">Math\u00e9matiques<\/h2>\t\t<\/div>\n\t\t\t\t<\/div>\n\t\t\t\t<div class=\"elementor-element elementor-element-b421d24 elementor-widget elementor-widget-text-editor\" data-id=\"b421d24\" data-element_type=\"widget\" data-widget_type=\"text-editor.default\">\n\t\t\t\t<div class=\"elementor-widget-container\">\n\t\t\t\t\t\t\t\t<div class=\"elementor-text-editor elementor-clearfix\">\n\t\t\t\t<p>Les math\u00e9matiques Montessori sont pr\u00e9sent\u00e9es de mani\u00e8re concr\u00e8te &#8211; par le biais de mat\u00e9riel que l&#8217;enfant peut manipuler pour faciliter le processus d&#8217;apprentissage. L&#8217;enfant utilise divers symboles. Les activit\u00e9s sont con\u00e7ues pour aider l&#8217;enfant \u00e0 comprendre les symboles math\u00e9matiques de base avec les chiffres du papier de verre, l&#8217;association de quantit\u00e9s et de chiffres avec la bo\u00eete \u00e0 fuseaux ainsi que diff\u00e9rentes \u00e9quations (addition, soustraction, multiplication et division), le syst\u00e8me d\u00e9cimal et des activit\u00e9s math\u00e9matiques plus difficiles.<\/p>\t\t\t\t\t<\/div>\n\t\t\t\t\t\t<\/div>\n\t\t\t\t<\/div>\n\t\t\t\t\t\t<\/div>\n\t\t\t\t\t<\/div>\n\t\t<\/div>\n\t\t\t\t\t\t\t\t<\/div>\n\t\t\t\t\t<\/div>\n\t\t<\/section>\n\t\t\t\t<section class=\"elementor-section elementor-top-section elementor-element elementor-element-44f6a41 elementor-section-full_width elementor-section-content-top elementor-section-height-default elementor-section-height-default\" data-id=\"44f6a41\" data-element_type=\"section\">\n\t\t\t\t\t\t<div class=\"elementor-container elementor-column-gap-no\">\n\t\t\t\t\t\t\t<div class=\"elementor-row\">\n\t\t\t\t\t<div class=\"elementor-column elementor-col-50 elementor-top-column elementor-element elementor-element-baa20d6 elementor-invisible\" data-id=\"baa20d6\" data-element_type=\"column\" data-settings=\"{&quot;background_background&quot;:&quot;classic&quot;,&quot;animation&quot;:&quot;fadeInLeft&quot;,&quot;animation_delay&quot;:300}\">\n\t\t\t<div class=\"elementor-column-wrap elementor-element-populated\">\n\t\t\t\t\t\t\t<div class=\"elementor-widget-wrap\">\n\t\t\t\t\t\t<div class=\"elementor-element elementor-element-6409acd elementor-widget elementor-widget-heading\" data-id=\"6409acd\" data-element_type=\"widget\" data-widget_type=\"heading.default\">\n\t\t\t\t<div class=\"elementor-widget-container\">\n\t\t\t<h2 class=\"elementor-heading-title elementor-size-default\">\u00c9tudes culturelles<\/h2>\t\t<\/div>\n\t\t\t\t<\/div>\n\t\t\t\t<div class=\"elementor-element elementor-element-de7fd3d elementor-widget elementor-widget-text-editor\" data-id=\"de7fd3d\" data-element_type=\"widget\" data-widget_type=\"text-editor.default\">\n\t\t\t\t<div class=\"elementor-widget-container\">\n\t\t\t\t\t\t\t\t<div class=\"elementor-text-editor elementor-clearfix\">\n\t\t\t\tComprend des notions de base de g\u00e9ographie mondiale, de science et d&#8217;histoire (provinces, pays, continents, drapeaux de diff\u00e9rents pays, hymne national canadien, cycles de vie de diff\u00e9rents animaux, parties de diff\u00e9rents animaux, le calendrier (jours de la semaine, mois de l&#8217;ann\u00e9e et leurs origines) et les saisons.\t\t\t\t\t<\/div>\n\t\t\t\t\t\t<\/div>\n\t\t\t\t<\/div>\n\t\t\t\t\t\t<\/div>\n\t\t\t\t\t<\/div>\n\t\t<\/div>\n\t\t\t\t<div class=\"elementor-column elementor-col-50 elementor-top-column elementor-element elementor-element-d080c89 animated-fast elementor-invisible\" data-id=\"d080c89\" data-element_type=\"column\" data-settings=\"{&quot;background_background&quot;:&quot;classic&quot;,&quot;animation&quot;:&quot;fadeInRight&quot;,&quot;animation_delay&quot;:80}\">\n\t\t\t<div class=\"elementor-column-wrap elementor-element-populated\">\n\t\t\t\t\t<div class=\"elementor-background-overlay\"><\/div>\n\t\t\t\t\t\t\t<div class=\"elementor-widget-wrap\">\n\t\t\t\t\t\t<div class=\"elementor-element elementor-element-e2aee32 elementor-widget elementor-widget-spacer\" data-id=\"e2aee32\" data-element_type=\"widget\" data-widget_type=\"spacer.default\">\n\t\t\t\t<div class=\"elementor-widget-container\">\n\t\t\t\t\t<div class=\"elementor-spacer\">\n\t\t\t<div class=\"elementor-spacer-inner\"><\/div>\n\t\t<\/div>\n\t\t\t\t<\/div>\n\t\t\t\t<\/div>\n\t\t\t\t\t\t<\/div>\n\t\t\t\t\t<\/div>\n\t\t<\/div>\n\t\t\t\t\t\t\t\t<\/div>\n\t\t\t\t\t<\/div>\n\t\t<\/section>\n\t\t\t\t\t\t\t\t\t<\/div>\n\t\t\t<\/div>\n\t\t\t\t\t<\/div>\n\t\t","protected":false},"excerpt":{"rendered":"<p>Nous avons d\u00e9m\u00e9nag\u00e9! NOUVELLES : Nous sommes ravis d&#8217;avoir d\u00e9m\u00e9nag\u00e9 au 903 Pape Ave. &times; Dismiss alert L\u2019AVANTAGE MONTESSORI L&#8217;\u00e9cole Montessori fran\u00e7aise de Broad View offre un environnement Montessori enrichi consacr\u00e9 \u00e0 nourrir l&#8217;amour de l&#8217;apprentissage chez l&#8217;enfant. Une classe dont les enfants ont des capacit\u00e9s vari\u00e9es est une communaut\u00e9 dans laquelle chacun apprend des &hellip; <a href=\"http:\/\/broadviewmontessori.com\/fr\/montessori\/\" title=\"Les avenues de Montessori\" class=\"read-more\">Read More<\/a><\/p>\n","protected":false},"author":1,"featured_media":0,"parent":0,"menu_order":3,"comment_status":"closed","ping_status":"closed","template":"","meta":{"_mi_skip_tracking":false},"_links":{"self":[{"href":"http:\/\/broadviewmontessori.com\/fr\/wp-json\/wp\/v2\/pages\/8"}],"collection":[{"href":"http:\/\/broadviewmontessori.com\/fr\/wp-json\/wp\/v2\/pages"}],"about":[{"href":"http:\/\/broadviewmontessori.com\/fr\/wp-json\/wp\/v2\/types\/page"}],"author":[{"embeddable":true,"href":"http:\/\/broadviewmontessori.com\/fr\/wp-json\/wp\/v2\/users\/1"}],"replies":[{"embeddable":true,"href":"http:\/\/broadviewmontessori.com\/fr\/wp-json\/wp\/v2\/comments?post=8"}],"version-history":[{"count":306,"href":"http:\/\/broadviewmontessori.com\/fr\/wp-json\/wp\/v2\/pages\/8\/revisions"}],"predecessor-version":[{"id":1327,"href":"http:\/\/broadviewmontessori.com\/fr\/wp-json\/wp\/v2\/pages\/8\/revisions\/1327"}],"wp:attachment":[{"href":"http:\/\/broadviewmontessori.com\/fr\/wp-json\/wp\/v2\/media?parent=8"}],"curies":[{"name":"wp","href":"https:\/\/api.w.org\/{rel}","templated":true}]}}